{"id":241,"date":"2006-04-25T18:45:30","date_gmt":"2006-04-25T22:45:30","guid":{"rendered":"https:\/\/www.pedrojorge.info\/?page_id=241"},"modified":"2025-01-31T17:24:36","modified_gmt":"2025-01-31T16:24:36","slug":"about-2","status":"publish","type":"page","link":"https:\/\/www.pedrojorge.info\/?page_id=241","title":{"rendered":"Sobre&#8230;"},"content":{"rendered":"<p>Ese sitio web, mas bien una bit\u00e1coda o blog en idioma inform\u00e1tico, es un sitio en lo cual a mi me gustaria mantener una conversaci\u00f3n, basicamente conmigo mismo, adem\u00e1s de ser un instrumento de desarrollo de mi inexistente capacidad para escribir.<\/p>\n<p>Espero que no insulte vustros ojos con lo que aqui expongo, pero quiero que os sint\u00e1is libres para contactarme y quejaros. pero sin amenazas por favor. \ud83d\ude42<br \/>\nSaludos a tod@s<\/p>\n<p>&nbsp;<\/p>\n","protected":false},"excerpt":{"rendered":"<p>Ese sitio web, mas bien una bit\u00e1coda o blog en idioma inform\u00e1tico, es un sitio en lo cual a mi me gustaria mantener una conversaci\u00f3n, basicamente conmigo mismo, adem\u00e1s de ser un instrumento de desarrollo de mi inexistente capacidad para escribir. Espero que no insulte vustros ojos con lo que aqui expongo, pero quiero que [&hellip;]<\/p>\n","protected":false},"author":2,"featured_media":0,"parent":0,"menu_order":0,"comment_status":"open","ping_status":"open","template":"","meta":{"footnotes":""},"class_list":["post-241","page","type-page","status-publish","hentry"],"_links":{"self":[{"href":"https:\/\/www.pedrojorge.info\/index.php?rest_route=\/wp\/v2\/pages\/241","targetHints":{"allow":["GET"]}}],"collection":[{"href":"https:\/\/www.pedrojorge.info\/index.php?rest_route=\/wp\/v2\/pages"}],"about":[{"href":"https:\/\/www.pedrojorge.info\/index.php?rest_route=\/wp\/v2\/types\/page"}],"author":[{"embeddable":true,"href":"https:\/\/www.pedrojorge.info\/index.php?rest_route=\/wp\/v2\/users\/2"}],"replies":[{"embeddable":true,"href":"https:\/\/www.pedrojorge.info\/index.php?rest_route=%2Fwp%2Fv2%2Fcomments&post=241"}],"version-history":[{"count":2,"href":"https:\/\/www.pedrojorge.info\/index.php?rest_route=\/wp\/v2\/pages\/241\/revisions"}],"predecessor-version":[{"id":463,"href":"https:\/\/www.pedrojorge.info\/index.php?rest_route=\/wp\/v2\/pages\/241\/revisions\/463"}],"wp:attachment":[{"href":"https:\/\/www.pedrojorge.info\/index.php?rest_route=%2Fwp%2Fv2%2Fmedia&parent=241"}],"curies":[{"name":"wp","href":"https:\/\/api.w.org\/{rel}","templated":true}]}}